{"id":46,"date":"2020-10-05T22:00:19","date_gmt":"2020-10-05T22:00:19","guid":{"rendered":"https:\/\/mk-car-cleaning.de\/?page_id=46"},"modified":"2020-10-05T22:16:53","modified_gmt":"2020-10-05T22:16:53","slug":"kontakt","status":"publish","type":"page","link":"https:\/\/mk-car-cleaning.de\/?page_id=46","title":{"rendered":"Kontakt"},"content":{"rendered":"\n<p>R\u00f6ntgenstra\u00dfe 119 50169 Br\u00fcggen DE<\/p>\n\n\n\n<p>015734339215<\/p>\n\n\n\n<p>marvin.flexx@gmail.com<\/p>\n","protected":false},"excerpt":{"rendered":"<p>R\u00f6ntgenstra\u00dfe 119 50169 Br\u00fcggen DE 015734339215 marvin.flexx@gmail.com<\/p>\n","protected":false},"author":1,"featured_media":0,"parent":0,"menu_order":0,"comment_status":"closed","ping_status":"closed","template":"","meta":[],"_links":{"self":[{"href":"https:\/\/mk-car-cleaning.de\/index.php?rest_route=\/wp\/v2\/pages\/46"}],"collection":[{"href":"https:\/\/mk-car-cleaning.de\/index.php?rest_route=\/wp\/v2\/pages"}],"about":[{"href":"https:\/\/mk-car-cleaning.de\/index.php?rest_route=\/wp\/v2\/types\/page"}],"author":[{"embeddable":true,"href":"https:\/\/mk-car-cleaning.de\/index.php?rest_route=\/wp\/v2\/users\/1"}],"replies":[{"embeddable":true,"href":"https:\/\/mk-car-cleaning.de\/index.php?rest_route=%2Fwp%2Fv2%2Fcomments&post=46"}],"version-history":[{"count":3,"href":"https:\/\/mk-car-cleaning.de\/index.php?rest_route=\/wp\/v2\/pages\/46\/revisions"}],"predecessor-version":[{"id":64,"href":"https:\/\/mk-car-cleaning.de\/index.php?rest_route=\/wp\/v2\/pages\/46\/revisions\/64"}],"wp:attachment":[{"href":"https:\/\/mk-car-cleaning.de\/index.php?rest_route=%2Fwp%2Fv2%2Fmedia&parent=46"}],"curies":[{"name":"wp","href":"https:\/\/api.w.org\/{rel}","templated":true}]}}